{"id":395,"date":"2024-05-06T14:07:37","date_gmt":"2024-05-06T12:07:37","guid":{"rendered":"https:\/\/gruetli.com\/allgemeine-geschaeftsbedingungen\/"},"modified":"2024-06-24T11:04:54","modified_gmt":"2024-06-24T09:04:54","slug":"allgemeine-geschaeftsbedingungen","status":"publish","type":"page","link":"https:\/\/gruetli.com\/de\/allgemeine-geschaeftsbedingungen\/","title":{"rendered":"Allgemeine Gesch\u00e4ftsbedingung"},"content":{"rendered":"\t\t<div data-elementor-type=\"wp-page\" data-elementor-id=\"395\" class=\"elementor elementor-395 elementor-65\" data-elementor-post-type=\"page\">\n\t\t\t\t<div class=\"has_ae_slider elementor-element elementor-element-660c598 e-flex e-con-boxed ae-bg-gallery-type-default e-con e-parent\" data-id=\"660c598\" data-element_type=\"container\">\n\t\t\t\t\t<div class=\"e-con-inner\">\n\t\t\t\t<div class=\"elementor-element elementor-element-7088cf9 souligne elementor-widget elementor-widget-heading\" data-id=\"7088cf9\" data-element_type=\"widget\" data-widget_type=\"heading.default\">\n\t\t\t\t<div class=\"elementor-widget-container\">\n\t\t\t\t\t<h1 class=\"elementor-heading-title elementor-size-default\">Allgemeine Gesch\u00e4ftsbedingung<\/h1>\t\t\t\t<\/div>\n\t\t\t\t<\/div>\n\t\t<div class=\"has_ae_slider elementor-element elementor-element-2f15033 e-flex e-con-boxed ae-bg-gallery-type-default e-con e-child\" data-id=\"2f15033\" data-element_type=\"container\">\n\t\t\t\t\t<div class=\"e-con-inner\">\n\t\t<div class=\"has_ae_slider elementor-element elementor-element-083db9f e-con-full e-flex ae-bg-gallery-type-default e-con e-child\" data-id=\"083db9f\" data-element_type=\"container\">\n\t\t\t\t<div class=\"elementor-element elementor-element-30e5469 elementor-widget elementor-widget-text-editor\" data-id=\"30e5469\" data-element_type=\"widget\" data-widget_type=\"text-editor.default\">\n\t\t\t\t<div class=\"elementor-widget-container\">\n\t\t\t\t\t\t\t\t\t<p>Stand: Juni 2024<\/p>\n<h2><strong> Geltungsbereich<\/strong><\/h2>\n<p>Die Allgemeinen Gesch\u00e4ftsbedingungen (nachfolgend \u00abAGB\u00bb genannt) gelten f\u00fcr alle get\u00e4tigten Bestellungen \u00fcber den Online-Shop www.gruetli.com (nachfolgend \u00abBestellung\u00bb genannt). Der Online-Shop wird von Pharo Hexagon S\u00e0rl betrieben (nachfolgend \u00abPharo Hexagon\u00bb genannt).<\/p>\n<p>Pharo Hexagon beh\u00e4lt sich das Recht vor, die AGB zu \u00e4ndern. Massgebend ist jeweils die zum Zeitpunkt der Bestellung geltende Version der AGB, welche f\u00fcr diese Bestellung nicht einseitig ge\u00e4ndert werden kann.<\/p>\n<h2><strong> Angebot<\/strong><\/h2>\n<p>Das Produkteangebot im Online-Shop richtet sich an nat\u00fcrliche Personen mit Wohnsitz in der Schweiz oder Liechtenstein (nachfolgend \u00abKundschaft\u00bb genannt). Lieferungen erfolgen nur an Adressen in der Schweiz oder Liechtenstein.<\/p>\n<p>Das Angebot gilt, solange es im Online-Shop ersichtlich ist und\/oder der Vorrat reicht. Preis- und Sortiments\u00e4nderungen sind jederzeit m\u00f6glich. Die im Online-Shop gezeigten Abbildungen sowie s\u00e4mtliche Angaben zu den Produkten dienen der Illustration und sind unverbindlich.<\/p>\n<h2><strong> Preis<\/strong><\/h2>\n<p>Die Preise verstehen sich in Schweizer Franken, inkl. Mehrwertsteuer (MwSt.), Verpackungs- und Versandkosten. Massgebend ist der Preis im Online-Shop zum Zeitpunkt der Bestellung.<\/p>\n<h2><strong> Bestellung<\/strong><\/h2>\n<p>Die Darstellung der Produkte im Online-Shop ist kein rechtlich verbindlicher Antrag, sondern ein unverbindlicher Online-Katalog bzw. eine unverbindliche Aufforderung an die Kundschaft, das Produkt im Online-Shop zu bestellen.<\/p>\n<p>Eine Bestellungseingang gilt als Angebot, womit Pharo Hexagon ein Kaufvertrag abschliesst.<\/p>\n<p>Nach \u00dcbermittlung der Bestellung erh\u00e4lt die Kundschaft automatisch eine Eingangsbest\u00e4tigung, die dokumentiert, dass die Bestellung bei Pharo Hexagon eingegangen ist.<\/p>\n<p>Pharo Hexagon ist ohne Nennung von Gr\u00fcnden frei, Bestellungen ganz oder teilweise abzulehnen. In diesem Fall wird die Kundschaft informiert und bereits geleistete Zahlungen werden zur\u00fcckerstattet. Weitere Anspr\u00fcche sind ausgeschlossen, insbesondere erfolgt keine Nachsendung der nicht lieferbaren Produkte. Vor\u00fcbergehend nicht lieferbare Produkte k\u00f6nnen nicht vorgemerkt werden.<\/p>\n<h2><strong> Zahlung<\/strong><\/h2>\n<p>Zahlungen sind gegen Vorauskasse in Schweizer Franken mittels die im Online-Shop zur Verf\u00fcgung stehenden Zahlungsmittel zu t\u00e4tigen.<\/p>\n<p>Die Abbuchung erfolgt sofort.<\/p>\n<p>Ein Kauf auf Rechnung ist nicht m\u00f6glich.<\/p>\n<h2><strong> Vertragsabschluss<\/strong><\/h2>\n<p>Ein Vertrag kommt erst durch die Bearbeitung der Bestellung durch Pharo Hexagon zustande. Sobald die Bestellung zum Versand bereitgestellt wurde, erh\u00e4lt die Kundschaft eine Auftragsbest\u00e4tigung per E-Mail.<\/p>\n<h2><strong> Versand<\/strong><\/h2>\n<p>Die Versanddresse der Kundschaft muss in der Schweiz oder Liechtenstein liegen.<\/p>\n<p>An Wochenenden und offiziellen landesweiten oder kantonalen Feiertagen erfolgen keine Lieferungen.<\/p>\n<p>Falls die Kundschaft zum Zeitpunkt der Lieferung nicht vor Ort ist und keine besonderen Lieferanweisungen gegeben hat, wird der Lieferbote das Paket in der N\u00e4he des Briefkastens hinterlegen. Die Kundschaft tr\u00e4gt die alleinige Verantwortung f\u00fcr eine sichere Zustellung.<\/p>\n<p>Die Kundschaft wird aufgefordert, die Lieferung sofort zu \u00fcberpr\u00fcfen. Jegliche Haftung f\u00fcr Sch\u00e4den, Verlust, Diebstahl, Missbrauch etc., die im Zusammenhang mit der Zustellung entstehen, wird ausdr\u00fccklich ausgeschlossen.<\/p>\n<p>Die Kundschaft \u00fcbernimmt die Verantwortung f\u00fcr die gelieferten Produkte, auch wenn diese nicht direkt von ihr in Empfang genommen wurden.<\/p>\n<p>Bei Bestellung von mehreren Produkten, kann es sein das sie in mehreren Paketen angeliefert werden.<\/p>\n<h2><strong> Versandkosten<\/strong><\/h2>\n<p>Die Versandkosten sind im Verkaufspreis inbegriffen.<\/p>\n<h2><strong> Widerrufsrecht<\/strong><\/h2>\n<p>Die Kundschaft hat das Recht, binnen sieben Tagen ohne Angabe von Gr\u00fcnden den Kaufvertrag zu widerrufen.<\/p>\n<p>Die K\u00e4uferschaft tr\u00e4gt die Kosten f\u00fcr Retouren. Retouren m\u00fcssen jedoch vorab bei Pharo Hexagon per Mail \u00fcber info@gruetli.com gemeldet werden.<\/p>\n<p>Die vollst\u00e4ndige R\u00fcckzahlung erfolgt erst, wenn Pharo Hexagon die Ware unbeschadet und in der Originalpackung zur\u00fcckh\u00e4lt.<\/p>\n<p>Die R\u00fcckerstattung erfolgt mit der gleichen Zahlungsmethode wie ihre Zahlung.<\/p>\n<h2><strong> M\u00e4ngelr\u00fcge<\/strong><\/h2>\n<p>Werden Produkte mit offensichtlichen Sch\u00e4den an der Verpackung oder am Inhalt angeliefert, so hat die Kundschaft diese, unbeschadet ihrer M\u00e4ngelrechte, sofort beim Lieferbote zu reklamieren und die Annahme zu verweigern. Die Kundschaft ist verpflichtet, sich eine Schadenbest\u00e4tigungsmeldung des Lieferboten aush\u00e4ndigen zu lassen. Alle Versandsch\u00e4den sind zus\u00e4tzlich unverz\u00fcglich an Pharo Hexagon \u00fcber info@gruetli.com zu melden.<\/p>\n<p>Weiter obliegt es der Kundschaft, die bestellten Produkte sofort bei Erhalt zu pr\u00fcfen. F\u00fcr allf\u00e4llige M\u00e4ngel oder Abweichungen von der Bestellung muss der Kundendienst von Pharo Hexagon am Tag der Lieferung per E-Mail info@gruetli.com benachrichtigt werden. Pharo Hexagon beh\u00e4lt sich das Recht vor, einen Beweis des Mangels zu verlangen.<\/p>\n<h2><strong> Gefahren\u00fcbergang<\/strong><\/h2>\n<p>Die Gefahr geht auf den K\u00e4ufer \u00fcber, sobald die Sendung an das Logistikunternehmen \u00fcbergeben worden ist. Falls der Versand sich ohne unser Verschulden verz\u00f6gert oder unm\u00f6glich wird, geht die Gefahr mit der Meldung der Versandbereitschaft auf die Kundschaft \u00fcber.<\/p>\n<h2><strong> Haftungsbeschr\u00e4nkung<\/strong><\/h2>\n<p>Schadensersatzanspr\u00fcche aus Unm\u00f6glichkeit der Leistung, aus Vertragsverletzung, aus Verschulden bei Vertragsschluss und aus unerlaubter Handlung, sind sowohl gegen uns, als auch gegen unsere Erf\u00fcllungs- bzw. Verrichtungspflichten ausgeschlossen, soweit nicht vors\u00e4tzliches oder grob fahrl\u00e4ssiges Handeln vorliegt. F\u00fcr Folgesch\u00e4den aus der Verwendung der Produkte wird jede Haftung abgelehnt.<\/p>\n<h2><strong> Anwendbares Gericht und Gerichtsstand<\/strong><\/h2>\n<p>Autigny aus dem Saanebezirk im schweizerischen Freiburg ist ausschliesslich Gerichtsstand f\u00fcr alle sich aus dem Vertragsverh\u00e4ltnis unmittelbar oder mittelbar ergebenden Streitigkeiten. Das Rechtsverh\u00e4ltnis untersteht dem schweizerischen Recht.<\/p>\n<h2><strong> Kontakt \/ Kundendienst<\/strong><\/h2>\n<p>F\u00fcr Fragen wenden Sie sich bitte per E-Mail info@gruetli.com an den Kundendienst Pharo Hexagon.<\/p>\n<h2><strong> Datenschutz<\/strong><\/h2>\n<p>Die <a href=\"https:\/\/gruetli.com\/de\/datenschutzrichtlinie\/\" target=\"_blank\" rel=\"noopener\">Datenschutzerkl\u00e4rung<\/a> ist integrierter Bestandteil dieser AGB. Mit der Akzeptanz dieser AGBs erkl\u00e4rt die Kundschaft auch der Datenschutzerkl\u00e4rung zuzustimmen.<\/p>\n\t\t\t\t\t\t\t\t<\/div>\n\t\t\t\t<\/div>\n\t\t\t\t<\/div>\n\t\t<div class=\"has_ae_slider elementor-element elementor-element-2d3a588 e-con-full e-flex ae-bg-gallery-type-default e-con e-child\" data-id=\"2d3a588\" data-element_type=\"container\">\n\t\t\t\t<div class=\"elementor-element elementor-element-436cc3c elementor-toc--minimized-on-tablet elementor-widget elementor-widget-table-of-contents\" data-id=\"436cc3c\" data-element_type=\"widget\" data-settings=\"{&quot;exclude_headings_by_selector&quot;:[],&quot;headings_by_tags&quot;:[&quot;h2&quot;,&quot;h3&quot;,&quot;h4&quot;,&quot;h5&quot;,&quot;h6&quot;],&quot;marker_view&quot;:&quot;numbers&quot;,&quot;no_headings_message&quot;:&quot;Es wurden keine \\u00dcberschriften auf dieser Seite gefunden.&quot;,&quot;minimize_box&quot;:&quot;yes&quot;,&quot;minimized_on&quot;:&quot;tablet&quot;,&quot;hierarchical_view&quot;:&quot;yes&quot;,&quot;min_height&quot;:{&quot;unit&quot;:&quot;px&quot;,&quot;size&quot;:&quot;&quot;,&quot;sizes&quot;:[]},&quot;min_height_widescreen&quot;:{&quot;unit&quot;:&quot;px&quot;,&quot;size&quot;:&quot;&quot;,&quot;sizes&quot;:[]},&quot;min_height_laptop&quot;:{&quot;unit&quot;:&quot;px&quot;,&quot;size&quot;:&quot;&quot;,&quot;sizes&quot;:[]},&quot;min_height_tablet_extra&quot;:{&quot;unit&quot;:&quot;px&quot;,&quot;size&quot;:&quot;&quot;,&quot;sizes&quot;:[]},&quot;min_height_tablet&quot;:{&quot;unit&quot;:&quot;px&quot;,&quot;size&quot;:&quot;&quot;,&quot;sizes&quot;:[]},&quot;min_height_mobile_extra&quot;:{&quot;unit&quot;:&quot;px&quot;,&quot;size&quot;:&quot;&quot;,&quot;sizes&quot;:[]},&quot;min_height_mobile&quot;:{&quot;unit&quot;:&quot;px&quot;,&quot;size&quot;:&quot;&quot;,&quot;sizes&quot;:[]}}\" data-widget_type=\"table-of-contents.default\">\n\t\t\t\t<div class=\"elementor-widget-container\">\n\t\t\t\t\t\t\t\t\t<div class=\"elementor-toc__header\">\n\t\t\t\t\t\t<h4 class=\"elementor-toc__header-title\">\n\t\t\t\tInhaltsverzeichnis\t\t\t<\/h4>\n\t\t\t\t\t\t\t\t\t\t<div class=\"elementor-toc__toggle-button elementor-toc__toggle-button--expand\" role=\"button\" tabindex=\"0\" aria-controls=\"elementor-toc__436cc3c\" aria-expanded=\"true\" aria-label=\"Inhaltsverzeichnis \u00f6ffnen\"><svg aria-hidden=\"true\" class=\"e-font-icon-svg e-fas-chevron-down\" viewBox=\"0 0 448 512\" xmlns=\"http:\/\/www.w3.org\/2000\/svg\"><path d=\"M207.029 381.476L12.686 187.132c-9.373-9.373-9.373-24.569 0-33.941l22.667-22.667c9.357-9.357 24.522-9.375 33.901-.04L224 284.505l154.745-154.021c9.379-9.335 24.544-9.317 33.901.04l22.667 22.667c9.373 9.373 9.373 24.569 0 33.941L240.971 381.476c-9.373 9.372-24.569 9.372-33.942 0z\"><\/path><\/svg><\/div>\n\t\t\t\t<div class=\"elementor-toc__toggle-button elementor-toc__toggle-button--collapse\" role=\"button\" tabindex=\"0\" aria-controls=\"elementor-toc__436cc3c\" aria-expanded=\"true\" aria-label=\"Inhaltsverzeichnis schlie\u00dfen\"><svg aria-hidden=\"true\" class=\"e-font-icon-svg e-fas-chevron-up\" viewBox=\"0 0 448 512\" xmlns=\"http:\/\/www.w3.org\/2000\/svg\"><path d=\"M240.971 130.524l194.343 194.343c9.373 9.373 9.373 24.569 0 33.941l-22.667 22.667c-9.357 9.357-24.522 9.375-33.901.04L224 227.495 69.255 381.516c-9.379 9.335-24.544 9.317-33.901-.04l-22.667-22.667c-9.373-9.373-9.373-24.569 0-33.941L207.03 130.525c9.372-9.373 24.568-9.373 33.941-.001z\"><\/path><\/svg><\/div>\n\t\t\t\t\t<\/div>\n\t\t\t\t<div id=\"elementor-toc__436cc3c\" class=\"elementor-toc__body\">\n\t\t\t<div class=\"elementor-toc__spinner-container\">\n\t\t\t\t<svg class=\"elementor-toc__spinner eicon-animation-spin e-font-icon-svg e-eicon-loading\" aria-hidden=\"true\" viewBox=\"0 0 1000 1000\" xmlns=\"http:\/\/www.w3.org\/2000\/svg\"><path d=\"M500 975V858C696 858 858 696 858 500S696 142 500 142 142 304 142 500H25C25 237 238 25 500 25S975 237 975 500 763 975 500 975Z\"><\/path><\/svg>\t\t\t<\/div>\n\t\t<\/div>\n\t\t\t\t\t\t<\/div>\n\t\t\t\t<\/div>\n\t\t\t\t<\/div>\n\t\t\t\t\t<\/div>\n\t\t\t\t<\/div>\n\t\t\t\t\t<\/div>\n\t\t\t\t<\/div>\n\t\t\t\t<\/div>\n\t\t","protected":false},"excerpt":{"rendered":"<p>Stand: Juni 2024 Geltungsbereich Die Allgemeinen Gesch\u00e4ftsbedingungen (nachfolgend \u00abAGB\u00bb genannt) gelten f\u00fcr alle get\u00e4tigten Bestellungen \u00fcber den Online-Shop www.gruetli.com (nachfolgend \u00abBestellung\u00bb genannt). Der Online-Shop wird von Pharo Hexagon S\u00e0rl betrieben (nachfolgend \u00abPharo Hexagon\u00bb genannt). Pharo Hexagon beh\u00e4lt sich das Recht vor, die AGB zu \u00e4ndern. Massgebend ist jeweils die zum Zeitpunkt der Bestellung geltende Version [&hellip;]<\/p>\n","protected":false},"author":1,"featured_media":0,"parent":0,"menu_order":0,"comment_status":"closed","ping_status":"closed","template":"","meta":{"_monsterinsights_skip_tracking":false,"_monsterinsights_sitenote_active":false,"_monsterinsights_sitenote_note":"","_monsterinsights_sitenote_category":0,"footnotes":""},"class_list":["post-395","page","type-page","status-publish","hentry"],"yoast_head":"<!-- This site is optimized with the Yoast SEO plugin v25.7 - https:\/\/yoast.com\/wordpress\/plugins\/seo\/ -->\n<title>Allgemeine Gesch\u00e4ftsbedingung &#8211; Gr\u00fctli Urnes<\/title>\n<meta name=\"description\" content=\"Lesen Sie unsere Allgemeinen Gesch\u00e4ftsbedingungen, um zu erfahren, wie Sie unsere umweltfreundlichen Bestattungsurnen kaufen k\u00f6nnen.\" \/>\n<meta name=\"robots\" content=\"index, follow, max-snippet:-1, max-image-preview:large, max-video-preview:-1\" \/>\n<link rel=\"canonical\" href=\"https:\/\/gruetli.com\/de\/allgemeine-geschaeftsbedingungen\/\" \/>\n<meta property=\"og:locale\" content=\"de_DE\" \/>\n<meta property=\"og:type\" content=\"article\" \/>\n<meta property=\"og:title\" content=\"Allgemeine Gesch\u00e4ftsbedingung &#8211; Gr\u00fctli Urnes\" \/>\n<meta property=\"og:description\" content=\"Lesen Sie unsere Allgemeinen Gesch\u00e4ftsbedingungen, um zu erfahren, wie Sie unsere umweltfreundlichen Bestattungsurnen kaufen k\u00f6nnen.\" \/>\n<meta property=\"og:url\" content=\"https:\/\/gruetli.com\/de\/allgemeine-geschaeftsbedingungen\/\" \/>\n<meta property=\"og:site_name\" content=\"Gr\u00fctli Urnes\" \/>\n<meta property=\"article:modified_time\" content=\"2024-06-24T09:04:54+00:00\" \/>\n<meta property=\"og:image\" content=\"https:\/\/gruetli.com\/wp-content\/uploads\/2024\/05\/urnes.webp\" \/>\n\t<meta property=\"og:image:width\" content=\"1200\" \/>\n\t<meta property=\"og:image:height\" content=\"930\" \/>\n\t<meta property=\"og:image:type\" content=\"image\/webp\" \/>\n<meta name=\"twitter:card\" content=\"summary_large_image\" \/>\n<meta name=\"twitter:label1\" content=\"Gesch\u00e4tzte Lesezeit\" \/>\n\t<meta name=\"twitter:data1\" content=\"4\u00a0Minuten\" \/>\n<script type=\"application\/ld+json\" class=\"yoast-schema-graph\">{\"@context\":\"https:\/\/schema.org\",\"@graph\":[{\"@type\":\"WebPage\",\"@id\":\"https:\/\/gruetli.com\/de\/allgemeine-geschaeftsbedingungen\/\",\"url\":\"https:\/\/gruetli.com\/de\/allgemeine-geschaeftsbedingungen\/\",\"name\":\"Allgemeine Gesch\u00e4ftsbedingung &#8211; Gr\u00fctli Urnes\",\"isPartOf\":{\"@id\":\"https:\/\/gruetli.com\/#website\"},\"datePublished\":\"2024-05-06T12:07:37+00:00\",\"dateModified\":\"2024-06-24T09:04:54+00:00\",\"description\":\"Lesen Sie unsere Allgemeinen Gesch\u00e4ftsbedingungen, um zu erfahren, wie Sie unsere umweltfreundlichen Bestattungsurnen kaufen k\u00f6nnen.\",\"breadcrumb\":{\"@id\":\"https:\/\/gruetli.com\/de\/allgemeine-geschaeftsbedingungen\/#breadcrumb\"},\"inLanguage\":\"de\",\"potentialAction\":[{\"@type\":\"ReadAction\",\"target\":[\"https:\/\/gruetli.com\/de\/allgemeine-geschaeftsbedingungen\/\"]}]},{\"@type\":\"BreadcrumbList\",\"@id\":\"https:\/\/gruetli.com\/de\/allgemeine-geschaeftsbedingungen\/#breadcrumb\",\"itemListElement\":[{\"@type\":\"ListItem\",\"position\":1,\"name\":\"Accueil\",\"item\":\"https:\/\/gruetli.com\/de\/urnen\/\"},{\"@type\":\"ListItem\",\"position\":2,\"name\":\"Allgemeine Gesch\u00e4ftsbedingung\"}]},{\"@type\":\"WebSite\",\"@id\":\"https:\/\/gruetli.com\/#website\",\"url\":\"https:\/\/gruetli.com\/\",\"name\":\"Gr\u00fctli Urnes\",\"description\":\"Urnes fun\u00e9raires \u00e9coresponsables en carton biod\u00e9gradable imprim\u00e9es avec des encres naturelles pour un hommage respectueux.\",\"publisher\":{\"@id\":\"https:\/\/gruetli.com\/#organization\"},\"alternateName\":\"Gr\u00fctli Urnes\",\"potentialAction\":[{\"@type\":\"SearchAction\",\"target\":{\"@type\":\"EntryPoint\",\"urlTemplate\":\"https:\/\/gruetli.com\/?s={search_term_string}\"},\"query-input\":{\"@type\":\"PropertyValueSpecification\",\"valueRequired\":true,\"valueName\":\"search_term_string\"}}],\"inLanguage\":\"de\"},{\"@type\":\"Organization\",\"@id\":\"https:\/\/gruetli.com\/#organization\",\"name\":\"Gr\u00fctli Urnes\",\"url\":\"https:\/\/gruetli.com\/\",\"logo\":{\"@type\":\"ImageObject\",\"inLanguage\":\"de\",\"@id\":\"https:\/\/gruetli.com\/#\/schema\/logo\/image\/\",\"url\":\"https:\/\/gruetli.com\/wp-content\/uploads\/2024\/06\/gruetli_logo_email.png\",\"contentUrl\":\"https:\/\/gruetli.com\/wp-content\/uploads\/2024\/06\/gruetli_logo_email.png\",\"width\":300,\"height\":106,\"caption\":\"Gr\u00fctli Urnes\"},\"image\":{\"@id\":\"https:\/\/gruetli.com\/#\/schema\/logo\/image\/\"}}]}<\/script>\n<!-- \/ Yoast SEO plugin. -->","yoast_head_json":{"title":"Allgemeine Gesch\u00e4ftsbedingung &#8211; Gr\u00fctli Urnes","description":"Lesen Sie unsere Allgemeinen Gesch\u00e4ftsbedingungen, um zu erfahren, wie Sie unsere umweltfreundlichen Bestattungsurnen kaufen k\u00f6nnen.","robots":{"index":"index","follow":"follow","max-snippet":"max-snippet:-1","max-image-preview":"max-image-preview:large","max-video-preview":"max-video-preview:-1"},"canonical":"https:\/\/gruetli.com\/de\/allgemeine-geschaeftsbedingungen\/","og_locale":"de_DE","og_type":"article","og_title":"Allgemeine Gesch\u00e4ftsbedingung &#8211; Gr\u00fctli Urnes","og_description":"Lesen Sie unsere Allgemeinen Gesch\u00e4ftsbedingungen, um zu erfahren, wie Sie unsere umweltfreundlichen Bestattungsurnen kaufen k\u00f6nnen.","og_url":"https:\/\/gruetli.com\/de\/allgemeine-geschaeftsbedingungen\/","og_site_name":"Gr\u00fctli Urnes","article_modified_time":"2024-06-24T09:04:54+00:00","og_image":[{"width":1200,"height":930,"url":"https:\/\/gruetli.com\/wp-content\/uploads\/2024\/05\/urnes.webp","type":"image\/webp"}],"twitter_card":"summary_large_image","twitter_misc":{"Gesch\u00e4tzte Lesezeit":"4\u00a0Minuten"},"schema":{"@context":"https:\/\/schema.org","@graph":[{"@type":"WebPage","@id":"https:\/\/gruetli.com\/de\/allgemeine-geschaeftsbedingungen\/","url":"https:\/\/gruetli.com\/de\/allgemeine-geschaeftsbedingungen\/","name":"Allgemeine Gesch\u00e4ftsbedingung &#8211; Gr\u00fctli Urnes","isPartOf":{"@id":"https:\/\/gruetli.com\/#website"},"datePublished":"2024-05-06T12:07:37+00:00","dateModified":"2024-06-24T09:04:54+00:00","description":"Lesen Sie unsere Allgemeinen Gesch\u00e4ftsbedingungen, um zu erfahren, wie Sie unsere umweltfreundlichen Bestattungsurnen kaufen k\u00f6nnen.","breadcrumb":{"@id":"https:\/\/gruetli.com\/de\/allgemeine-geschaeftsbedingungen\/#breadcrumb"},"inLanguage":"de","potentialAction":[{"@type":"ReadAction","target":["https:\/\/gruetli.com\/de\/allgemeine-geschaeftsbedingungen\/"]}]},{"@type":"BreadcrumbList","@id":"https:\/\/gruetli.com\/de\/allgemeine-geschaeftsbedingungen\/#breadcrumb","itemListElement":[{"@type":"ListItem","position":1,"name":"Accueil","item":"https:\/\/gruetli.com\/de\/urnen\/"},{"@type":"ListItem","position":2,"name":"Allgemeine Gesch\u00e4ftsbedingung"}]},{"@type":"WebSite","@id":"https:\/\/gruetli.com\/#website","url":"https:\/\/gruetli.com\/","name":"Gr\u00fctli Urnes","description":"Urnes fun\u00e9raires \u00e9coresponsables en carton biod\u00e9gradable imprim\u00e9es avec des encres naturelles pour un hommage respectueux.","publisher":{"@id":"https:\/\/gruetli.com\/#organization"},"alternateName":"Gr\u00fctli Urnes","potentialAction":[{"@type":"SearchAction","target":{"@type":"EntryPoint","urlTemplate":"https:\/\/gruetli.com\/?s={search_term_string}"},"query-input":{"@type":"PropertyValueSpecification","valueRequired":true,"valueName":"search_term_string"}}],"inLanguage":"de"},{"@type":"Organization","@id":"https:\/\/gruetli.com\/#organization","name":"Gr\u00fctli Urnes","url":"https:\/\/gruetli.com\/","logo":{"@type":"ImageObject","inLanguage":"de","@id":"https:\/\/gruetli.com\/#\/schema\/logo\/image\/","url":"https:\/\/gruetli.com\/wp-content\/uploads\/2024\/06\/gruetli_logo_email.png","contentUrl":"https:\/\/gruetli.com\/wp-content\/uploads\/2024\/06\/gruetli_logo_email.png","width":300,"height":106,"caption":"Gr\u00fctli Urnes"},"image":{"@id":"https:\/\/gruetli.com\/#\/schema\/logo\/image\/"}}]}},"_links":{"self":[{"href":"https:\/\/gruetli.com\/de\/wp-json\/wp\/v2\/pages\/395","targetHints":{"allow":["GET"]}}],"collection":[{"href":"https:\/\/gruetli.com\/de\/wp-json\/wp\/v2\/pages"}],"about":[{"href":"https:\/\/gruetli.com\/de\/wp-json\/wp\/v2\/types\/page"}],"author":[{"embeddable":true,"href":"https:\/\/gruetli.com\/de\/wp-json\/wp\/v2\/users\/1"}],"replies":[{"embeddable":true,"href":"https:\/\/gruetli.com\/de\/wp-json\/wp\/v2\/comments?post=395"}],"version-history":[{"count":8,"href":"https:\/\/gruetli.com\/de\/wp-json\/wp\/v2\/pages\/395\/revisions"}],"predecessor-version":[{"id":1151,"href":"https:\/\/gruetli.com\/de\/wp-json\/wp\/v2\/pages\/395\/revisions\/1151"}],"wp:attachment":[{"href":"https:\/\/gruetli.com\/de\/wp-json\/wp\/v2\/media?parent=395"}],"curies":[{"name":"wp","href":"https:\/\/api.w.org\/{rel}","templated":true}]}}