{"id":398,"date":"2024-04-26T07:46:53","date_gmt":"2024-04-26T05:46:53","guid":{"rendered":"https:\/\/gruetli.com\/datenschutzrichtlinie\/"},"modified":"2024-06-24T11:04:32","modified_gmt":"2024-06-24T09:04:32","slug":"datenschutzrichtlinie","status":"publish","type":"page","link":"https:\/\/gruetli.com\/de\/datenschutzrichtlinie\/","title":{"rendered":"Datenschutzerkl\u00e4rung"},"content":{"rendered":"\t\t<div data-elementor-type=\"wp-page\" data-elementor-id=\"398\" class=\"elementor elementor-398 elementor-3\" data-elementor-post-type=\"page\">\n\t\t\t\t<div class=\"has_ae_slider elementor-element elementor-element-50fd505d e-flex e-con-boxed ae-bg-gallery-type-default e-con e-parent\" data-id=\"50fd505d\" data-element_type=\"container\">\n\t\t\t\t\t<div class=\"e-con-inner\">\n\t\t\t\t<div class=\"elementor-element elementor-element-679543f souligne elementor-widget elementor-widget-heading\" data-id=\"679543f\" data-element_type=\"widget\" data-widget_type=\"heading.default\">\n\t\t\t\t<div class=\"elementor-widget-container\">\n\t\t\t\t\t<h1 class=\"elementor-heading-title elementor-size-default\">Datenschutzerkl\u00e4rung<\/h1>\t\t\t\t<\/div>\n\t\t\t\t<\/div>\n\t\t<div class=\"has_ae_slider elementor-element elementor-element-8fad625 e-flex e-con-boxed ae-bg-gallery-type-default e-con e-child\" data-id=\"8fad625\" data-element_type=\"container\">\n\t\t\t\t\t<div class=\"e-con-inner\">\n\t\t<div class=\"has_ae_slider elementor-element elementor-element-d752213 e-con-full e-flex ae-bg-gallery-type-default e-con e-child\" data-id=\"d752213\" data-element_type=\"container\">\n\t\t\t\t<div class=\"elementor-element elementor-element-52b74d2e elementor-widget elementor-widget-text-editor\" data-id=\"52b74d2e\" data-element_type=\"widget\" data-widget_type=\"text-editor.default\">\n\t\t\t\t<div class=\"elementor-widget-container\">\n\t\t\t\t\t\t\t\t\t<p>Stand: Juni 2024<\/p>\n<h2><strong>Einleitung<\/strong><\/h2>\n<p>Wir verpflichten uns, ihre pers\u00f6nlichen Daten zu sch\u00fctzen. Diese Datenschutzrichtlinie erl\u00e4utert aufgrund der DSGVO (Datenschutz-Grundverordnung), wie wir ihre Daten sammeln, verwenden, weitergeben und sch\u00fctzen.<\/p>\n<h2><strong>Verantwortlicher f\u00fcr die Datenverarbeitung<\/strong><\/h2>\n<p>Der Online-Shop wird von Pharo Hexagon S\u00e0rl betrieben (nachfolgend \u00abPharo Hexagon\u00bb genannt).<\/p>\n<p>Pharo Hexagon S\u00e0rl<br \/>Route des Champs Montants 1<br \/>CH-1742 Autigny<\/p>\n<p>info@gruetli.com<\/p>\n<p>+41 26 565 50 67<\/p>\n<h2><strong>Erfasste Benutzerdaten<\/strong><\/h2>\n<p>Der Online-Shop www.gruetli.com erfasst bei jedem Zugriff automatisch technische Informationen \u00fcber den Benutzer sowie Personendaten bei Bestellung und Kontaktanfragen, die die Besucher uns freiwillig zustellen. Folgende Daten werden z.B. bei uns registriert, Name, Vorname, E-Mail-Adresse, Postanschrift, Herkunftsland, Sprache, Version des Internet-Browsers, sowie Daten, die f\u00fcr den Zugriff auf unseren Online-Shop n\u00f6tig sind, Betriebssystem, Verwendete Sprache, IP-Adresse, Datum, Uhrzeit, Webseite, von der aus, der Benutzer auf unsere Website weitergeleitet wurde. In gewissen F\u00e4llen erg\u00e4nzen wir Personendaten mittels Informationen, die wir \u00fcber andere Quellen ausfindig gemacht haben, wie \u00f6ffentlich verf\u00fcgbare Datensuchmaschinen, sektorspezifische Newsletters und Social Media-Plattformen, um das Benutzerprofil zu aktualisieren und zu best\u00e4tigen.<\/p>\n<h2><strong>Datenverarbeitung<\/strong><\/h2>\n<ul>\n<li>f\u00fcr analytische Zwecke des Online-Shops verwenden wir \u00abGoogle Analytics\u00bb. Der alleinige Zweck dieser Analyse ist die Optimierung und Weiterentwicklung des Online-Shops www.gruetli.com im Hinblick auf die Benutzerfreundlichkeit, Funktionalitat und Zuverlassigkeit sowie die Bereitstellung von nu\u0308tzlichen lnformationen und Dienstleistungen. Google Analytics ist ein Webanalysesystem der Google Inc, 1600 Amphitheatre Parkway, Mountain View, CA 94043, USA. Google Analytics ist ein Webanalysesystem der Google Inc, 1600 Amphitheatre Parkway, Mountain View, CA 94043, USA. Die lnformationen u\u0308ber die Nutzung der Website k\u00f6nnen von Google ausgewertet und verarbeitet werden. Ihrer Server befinden sich in den Vereinigten Staaten. Google Inc akzeptiert die Privacy Shield Bestimmungen und kann legal europ\u00e4ische Daten empfangen. Dar\u00fcber hinaus stellen wir sicher, dass Ihre IP-Adresse anonymisiert wird, bevor sie an Google \u00fcbermittelt wird.<\/li>\n<li>f\u00fcr Kommunikationszwecke st\u00fctzen wir uns hierbei auf unsere berechtigten Interessen mit ihnen als Kunde in Kontakt zu bleiben und zu kommunizieren, um sie \u00fcber die Aktivit\u00e4ten, Angebote und Dienstleistungen zu informieren. Wir gehen davon aus, dass es im Einklang mit ihren Interessen und Rechten sind.<\/li>\n<li>f\u00fcr gesetzliche Meldepflicht kann Pharo Hexagon verpflichtet sein, personenbezogene Daten an zust\u00e4ndige Schweizer Beh\u00f6rden weiterzugeben, um gesetzliche Meldepflichten zu erf\u00fcllen (Finanzbeh\u00f6rden, strafrechtliche Ermittlungsbeh\u00f6rden).<\/li>\n<\/ul>\n<h2><strong>Datensicherheit<\/strong><\/h2>\n<p>Wir verwenden eine gangige SSL-Verschlu\u0308sselungstechnologie in Verbindung mit den h\u00f4chsten Verschlu\u0308sselungsstufen, die von lhrem Browser unterstu\u0308tzt werden. Wenn eine Seite unseres Online-Shops verschlu\u0308sselt u\u0308bertragen wurde\/wird, erkennen Sie dies an dem Schloss-Symbol in der Adresszeile lhres Browsers. Pharo Hexagon hat in Zusammenarbeit mit ihren schweizerischen IT und Hosting- Partner Baechler Informatique SA et lnfomaniak angemessene technische und organisatorische Massnahmen ergriffen, um lhre Personendaten gegen Verlust und unbefugten Zugriff zu schu\u0308tzen. lhre Personendaten werden fu\u0308r die hierin spezifizierten Zwecke so lange aufbewahrt, wie sie Kunde von Pharo Hexagon sind. Sie k\u00f6nnen sich jederzeit von unserer Datenbank austragen lassen, fa lis sie nicht mehr wu\u0308nschen, von uns lnformationen zu erhalten. Wenn sie sich hierzu entscheiden, dann werden wir ihnen keine lnformationen mehr zustellen. Die oben genannten technischen Daten werden fu\u0308r einen Zeitraum von maximal 14 Monaten gespeichert. Diese Speicherung erfolgt aus Sicherheitsgru\u0308nden, um die Stabilitat und lntegritat des Systems zu gewahrleisten. lnformieren Sie sich regelmassig u\u0308ber aktuelle Google Privacy Policy auf deren Website, um lhre pers\u00f4nliche Sicherheit zu optimieren. Die Speicherdauer der Daten fu\u0308r Google Analytics betragt ebenso 14 Monate.<\/p>\n<h2><strong>Cookies<\/strong><\/h2>\n<p>Wir f\u00fcgen auf unserer Online-Shop Cookies ein. Sie werden zudem bei jedem Shopbesuch aufgefordert, die Cookies zu akzeptieren.<\/p>\n<p>Cookies sind kleine Textdateien, die Ihr Browser auf Ihrem Ger\u00e4t speichert. In manchen F\u00e4llen enthalten diese Cookies nur Informationen \u00fcber bestimmte Einstellungen und lassen keine R\u00fcckschl\u00fcsse auf die Identit\u00e4t der Person zu. Sie k\u00f6nnen auch notwendig sein, um den Nutzer zu f\u00fchren, die Sicherheit zu gew\u00e4hrleisten und den Online-Shop durchzusetzen. Andere Cookies werden ebenfalls verwendet, z. B. um das Verhalten der Besucher unserer Website zu analysieren, um personalisierte Angebote anzuzeigen oder um registrierten Nutzern die M\u00f6glichkeit zu geben, w\u00e4hrend ihres Besuchs angemeldet zu bleiben. Cookies erm\u00f6glichen es dem Online-Shop auch, sich an Sie zu \u201eerinnern\u201c, entweder f\u00fcr die Dauer Ihres aktuellen Besuchs (\u201eSitzungs-Cookie\u201c) oder f\u00fcr mehrere Besuche (\u201edauerhaftes Cookie\u201c).<\/p>\n<p>Wir verwenden sowohl eigene Cookies (\u201epropriet\u00e4re Cookies\u201c oder \u201eFirst-Party-Cookies\u201c) als auch Cookies von Drittanbietern (\u201eThird-Party-Cookies\u201c), die es Dritten erm\u00f6glichen, ihre Dienstleistungen zu erbringen (z. B. Cookie zur Abwicklung von Zahlungsdiensten oder Google Analytics).<\/p>\n<h2><strong>Zahlungssystem<\/strong><\/h2>\n<p>F\u00fcr sichere Zahlung im Online-Shop bieten wir Zahlungssysteme per Kreditkarte oder Bezahlapp an.<\/p>\n<p>Unsere Zahlungsdienstleister Twint App AG und Stripe Payments UK Ltd, mit denen wir einen Vertrag zur Auftragsverarbeitung nach Art. 28 DSGVO geschlossen haben, pr\u00fcfen die eingegebenen Daten auf Plausibilit\u00e4t und \u00fcbermittelen diese zusammen mit den von uns \u00fcbermittelten Bestelldaten in verschl\u00fcsselter Form an Ihr Finanzinstitut (Vorname, Nachname, Geschlecht, Anschrift, E-Mail-Adresse, Sprachwahl, Warenkorb, Bestell-ID). Deren Daten werden uns nicht mitgeteilt.<\/p>\n<p>Angesichts der PSD2-Richtlinie (auch Europ\u00e4ische Zahlungsdienstrichtlinie genannt), die die Sicherheit von Zahlungsvorg\u00e4ngen erh\u00f6hen soll, kann es sein, dass Sie zus\u00e4tzlich auf eine sichere Website Ihres Zahlungsinstitutes, die f\u00fcr Ihren Datenschutz verantwortlich ist, weitergeleitet werden und aufgefordert werden, sich mit mindestens zwei der drei folgenden Faktoren zu authentifizieren (dies wird als Zwei-Faktor-Authentifizierung bezeichnet): Ein Passwort oder ein Code, den nur der Nutzer kennt (z. B. Passwort, PIN); ein Ger\u00e4t, das nur der Nutzer besitzt (z. B. Mobiltelefon); ein pers\u00f6nliches Merkmal des Nutzers (z. B. Fingerabdruck, Gesichtserkennung).<\/p>\n<p>Die Datenverarbeitung erfolgt auf der Grundlage von Art. 6 Abs. 1 Buchst. b DSGVO zum Zweck der Abwicklung Ihrer Zahlung mit dem von Ihnen gew\u00e4hlten Zahlungsmittel.<\/p>\n<h2><strong>Rechte der Benutzer<\/strong><\/h2>\n<p>Sie haben das Recht zu wissen, welche Personendaten wir \u00fcber sie bearbeiten, und k\u00f6nnen eine Kopie verlangen. Sie haben auch das Recht zu verlangen, dass falsche Personendaten \u00fcber sie korrigiert werden, und in gewissen F\u00e4llen k\u00f6nnen sie uns bitten, ihre Personendaten zu l\u00f6schen. Sie k\u00f6nnen sich auch gegen die Bearbeitung von gewissen Personendaten wehren und k\u00f6nnen verlangen, dass die Datenbearbeitung eingeschr\u00e4nkt wird. Bitte nehmen sie zur Kenntnis, dass die Beschr\u00e4nkung oder L\u00f6schung ihrer Personendaten dazu f\u00fchren kann, dass sie von uns keine Informationen mehr erhalten. Sie haben ausserdem das Recht, ihre Personendaten elektronisch zu erhalten und diese an eine Drittpartei zu \u00fcbermitteln. Si vous n&#8217;\u00eates pas d&#8217;accord avec notre traitement des donn\u00e9es, vous pouvez le signaler au pr\u00e9pos\u00e9 f\u00e9d\u00e9ral \u00e0 la protection des donn\u00e9es et \u00e0 la transparence et\/ou aux autorit\u00e9s de surveillance comp\u00e9tentes dans l&#8217;UE.<\/p>\n<p>Sollten sie Fragen dazu haben, wie wir ihre Personendaten bearbeiten, dann bitte kontaktieren sie uns \u00fcber info@gruetli.com mit Vermerk \u00abFragen zu Datenschutzerkl\u00e4rung\u00bb.<\/p>\n<h2><strong>Haftungsausschluss<\/strong><\/h2>\n<p>Die Pharo Hexagon beh\u00e4lt sich das Recht vor, den gesamten Online-Shop zu bearbeiten, Inhalte zu \u00e4ndern oder Elemente jederzeit ohne vorherige Ank\u00fcndigung zu entfernen. Einige Hyperlinks auf dem Online-Shop f\u00fchren zu Websites, die von Dritten unterhalten werden und auf die Pharo Hexagon keinen Einfluss hat. Die Pharo Hexagon \u00fcbernimmt keine Garantie f\u00fcr die Genauigkeit oder Richtigkeit der auf diesen Websites enthaltenen Informationen. Das Vorhandensein von Hyperlinks zu Websites Dritter bedeutet nicht, dass Pharo Hexagon den Inhalt dieser Websites billigt. Tous les droits de propri\u00e9t\u00e9 intellectuelle de la boutique en ligne www.gruetli.com sont la propri\u00e9t\u00e9 de Pharo Hexagon et de ses conc\u00e9dants de licence.<\/p>\n<h2><strong>Gerichtsstand, anwendbares Recht<\/strong><\/h2>\n<p>Alle Fragen und Streitigkeiten im Zusammenhang mit dem Online-Shop www.gruetli.com von Pharo Hexagon unterstehen ausschliesslich dem Schweizer Recht. Ausschlie\u00dflicher Gerichtsstand ist der Sitz von Pharo Hexagon; zwingende Gerichtsst\u00e4nde bleiben vorbehalten.<\/p>\n\t\t\t\t\t\t\t\t<\/div>\n\t\t\t\t<\/div>\n\t\t\t\t<\/div>\n\t\t<div class=\"has_ae_slider elementor-element elementor-element-1e15f1f e-con-full e-flex ae-bg-gallery-type-default e-con e-child\" data-id=\"1e15f1f\" data-element_type=\"container\">\n\t\t\t\t<div class=\"elementor-element elementor-element-cffe859 elementor-toc--minimized-on-tablet elementor-widget elementor-widget-table-of-contents\" data-id=\"cffe859\" data-element_type=\"widget\" data-settings=\"{&quot;exclude_headings_by_selector&quot;:[],&quot;headings_by_tags&quot;:[&quot;h2&quot;,&quot;h3&quot;,&quot;h4&quot;,&quot;h5&quot;,&quot;h6&quot;],&quot;marker_view&quot;:&quot;numbers&quot;,&quot;no_headings_message&quot;:&quot;Es wurden keine \\u00dcberschriften auf dieser Seite gefunden.&quot;,&quot;minimize_box&quot;:&quot;yes&quot;,&quot;minimized_on&quot;:&quot;tablet&quot;,&quot;hierarchical_view&quot;:&quot;yes&quot;,&quot;min_height&quot;:{&quot;unit&quot;:&quot;px&quot;,&quot;size&quot;:&quot;&quot;,&quot;sizes&quot;:[]},&quot;min_height_widescreen&quot;:{&quot;unit&quot;:&quot;px&quot;,&quot;size&quot;:&quot;&quot;,&quot;sizes&quot;:[]},&quot;min_height_laptop&quot;:{&quot;unit&quot;:&quot;px&quot;,&quot;size&quot;:&quot;&quot;,&quot;sizes&quot;:[]},&quot;min_height_tablet_extra&quot;:{&quot;unit&quot;:&quot;px&quot;,&quot;size&quot;:&quot;&quot;,&quot;sizes&quot;:[]},&quot;min_height_tablet&quot;:{&quot;unit&quot;:&quot;px&quot;,&quot;size&quot;:&quot;&quot;,&quot;sizes&quot;:[]},&quot;min_height_mobile_extra&quot;:{&quot;unit&quot;:&quot;px&quot;,&quot;size&quot;:&quot;&quot;,&quot;sizes&quot;:[]},&quot;min_height_mobile&quot;:{&quot;unit&quot;:&quot;px&quot;,&quot;size&quot;:&quot;&quot;,&quot;sizes&quot;:[]}}\" data-widget_type=\"table-of-contents.default\">\n\t\t\t\t<div class=\"elementor-widget-container\">\n\t\t\t\t\t\t\t\t\t<div class=\"elementor-toc__header\">\n\t\t\t\t\t\t<h4 class=\"elementor-toc__header-title\">\n\t\t\t\tInhaltsverzeichnis\t\t\t<\/h4>\n\t\t\t\t\t\t\t\t\t\t<div class=\"elementor-toc__toggle-button elementor-toc__toggle-button--expand\" role=\"button\" tabindex=\"0\" aria-controls=\"elementor-toc__cffe859\" aria-expanded=\"true\" aria-label=\"Inhaltsverzeichnis \u00f6ffnen\"><svg aria-hidden=\"true\" class=\"e-font-icon-svg e-fas-chevron-down\" viewBox=\"0 0 448 512\" xmlns=\"http:\/\/www.w3.org\/2000\/svg\"><path d=\"M207.029 381.476L12.686 187.132c-9.373-9.373-9.373-24.569 0-33.941l22.667-22.667c9.357-9.357 24.522-9.375 33.901-.04L224 284.505l154.745-154.021c9.379-9.335 24.544-9.317 33.901.04l22.667 22.667c9.373 9.373 9.373 24.569 0 33.941L240.971 381.476c-9.373 9.372-24.569 9.372-33.942 0z\"><\/path><\/svg><\/div>\n\t\t\t\t<div class=\"elementor-toc__toggle-button elementor-toc__toggle-button--collapse\" role=\"button\" tabindex=\"0\" aria-controls=\"elementor-toc__cffe859\" aria-expanded=\"true\" aria-label=\"Inhaltsverzeichnis schlie\u00dfen\"><svg aria-hidden=\"true\" class=\"e-font-icon-svg e-fas-chevron-up\" viewBox=\"0 0 448 512\" xmlns=\"http:\/\/www.w3.org\/2000\/svg\"><path d=\"M240.971 130.524l194.343 194.343c9.373 9.373 9.373 24.569 0 33.941l-22.667 22.667c-9.357 9.357-24.522 9.375-33.901.04L224 227.495 69.255 381.516c-9.379 9.335-24.544 9.317-33.901-.04l-22.667-22.667c-9.373-9.373-9.373-24.569 0-33.941L207.03 130.525c9.372-9.373 24.568-9.373 33.941-.001z\"><\/path><\/svg><\/div>\n\t\t\t\t\t<\/div>\n\t\t\t\t<div id=\"elementor-toc__cffe859\" class=\"elementor-toc__body\">\n\t\t\t<div class=\"elementor-toc__spinner-container\">\n\t\t\t\t<svg class=\"elementor-toc__spinner eicon-animation-spin e-font-icon-svg e-eicon-loading\" aria-hidden=\"true\" viewBox=\"0 0 1000 1000\" xmlns=\"http:\/\/www.w3.org\/2000\/svg\"><path d=\"M500 975V858C696 858 858 696 858 500S696 142 500 142 142 304 142 500H25C25 237 238 25 500 25S975 237 975 500 763 975 500 975Z\"><\/path><\/svg>\t\t\t<\/div>\n\t\t<\/div>\n\t\t\t\t\t\t<\/div>\n\t\t\t\t<\/div>\n\t\t\t\t<\/div>\n\t\t\t\t\t<\/div>\n\t\t\t\t<\/div>\n\t\t\t\t\t<\/div>\n\t\t\t\t<\/div>\n\t\t\t\t<\/div>\n\t\t","protected":false},"excerpt":{"rendered":"<p>Stand: Juni 2024 Einleitung Wir verpflichten uns, ihre pers\u00f6nlichen Daten zu sch\u00fctzen. Diese Datenschutzrichtlinie erl\u00e4utert aufgrund der DSGVO (Datenschutz-Grundverordnung), wie wir ihre Daten sammeln, verwenden, weitergeben und sch\u00fctzen. Verantwortlicher f\u00fcr die Datenverarbeitung Der Online-Shop wird von Pharo Hexagon S\u00e0rl betrieben (nachfolgend \u00abPharo Hexagon\u00bb genannt). Pharo Hexagon S\u00e0rlRoute des Champs Montants 1CH-1742 Autigny info@gruetli.com +41 26 [&hellip;]<\/p>\n","protected":false},"author":1,"featured_media":0,"parent":0,"menu_order":0,"comment_status":"closed","ping_status":"open","template":"","meta":{"_monsterinsights_skip_tracking":false,"_monsterinsights_sitenote_active":false,"_monsterinsights_sitenote_note":"","_monsterinsights_sitenote_category":0,"footnotes":""},"class_list":["post-398","page","type-page","status-publish","hentry"],"yoast_head":"<!-- This site is optimized with the Yoast SEO plugin v25.7 - https:\/\/yoast.com\/wordpress\/plugins\/seo\/ -->\n<title>Datenschutzerkl\u00e4rung &#8211; Gr\u00fctli Urnes<\/title>\n<meta name=\"description\" content=\"Lesen Sie unsere Datenschutzrichtlinie, um zu verstehen, wie wir Ihre Informationen sammeln und verwenden.\" \/>\n<meta name=\"robots\" content=\"index, follow, max-snippet:-1, max-image-preview:large, max-video-preview:-1\" \/>\n<link rel=\"canonical\" href=\"https:\/\/gruetli.com\/de\/datenschutzrichtlinie\/\" \/>\n<meta property=\"og:locale\" content=\"de_DE\" \/>\n<meta property=\"og:type\" content=\"article\" \/>\n<meta property=\"og:title\" content=\"Datenschutzerkl\u00e4rung &#8211; Gr\u00fctli Urnes\" \/>\n<meta property=\"og:description\" content=\"Lesen Sie unsere Datenschutzrichtlinie, um zu verstehen, wie wir Ihre Informationen sammeln und verwenden.\" \/>\n<meta property=\"og:url\" content=\"https:\/\/gruetli.com\/de\/datenschutzrichtlinie\/\" \/>\n<meta property=\"og:site_name\" content=\"Gr\u00fctli Urnes\" \/>\n<meta property=\"article:modified_time\" content=\"2024-06-24T09:04:32+00:00\" \/>\n<meta property=\"og:image\" content=\"https:\/\/gruetli.com\/wp-content\/uploads\/2024\/05\/urnes.webp\" \/>\n\t<meta property=\"og:image:width\" content=\"1200\" \/>\n\t<meta property=\"og:image:height\" content=\"930\" \/>\n\t<meta property=\"og:image:type\" content=\"image\/webp\" \/>\n<meta name=\"twitter:card\" content=\"summary_large_image\" \/>\n<meta name=\"twitter:label1\" content=\"Gesch\u00e4tzte Lesezeit\" \/>\n\t<meta name=\"twitter:data1\" content=\"6\u00a0Minuten\" \/>\n<script type=\"application\/ld+json\" class=\"yoast-schema-graph\">{\"@context\":\"https:\/\/schema.org\",\"@graph\":[{\"@type\":\"WebPage\",\"@id\":\"https:\/\/gruetli.com\/de\/datenschutzrichtlinie\/\",\"url\":\"https:\/\/gruetli.com\/de\/datenschutzrichtlinie\/\",\"name\":\"Datenschutzerkl\u00e4rung &#8211; Gr\u00fctli Urnes\",\"isPartOf\":{\"@id\":\"https:\/\/gruetli.com\/#website\"},\"datePublished\":\"2024-04-26T05:46:53+00:00\",\"dateModified\":\"2024-06-24T09:04:32+00:00\",\"description\":\"Lesen Sie unsere Datenschutzrichtlinie, um zu verstehen, wie wir Ihre Informationen sammeln und verwenden.\",\"breadcrumb\":{\"@id\":\"https:\/\/gruetli.com\/de\/datenschutzrichtlinie\/#breadcrumb\"},\"inLanguage\":\"de\",\"potentialAction\":[{\"@type\":\"ReadAction\",\"target\":[\"https:\/\/gruetli.com\/de\/datenschutzrichtlinie\/\"]}]},{\"@type\":\"BreadcrumbList\",\"@id\":\"https:\/\/gruetli.com\/de\/datenschutzrichtlinie\/#breadcrumb\",\"itemListElement\":[{\"@type\":\"ListItem\",\"position\":1,\"name\":\"Accueil\",\"item\":\"https:\/\/gruetli.com\/de\/urnen\/\"},{\"@type\":\"ListItem\",\"position\":2,\"name\":\"Datenschutzerkl\u00e4rung\"}]},{\"@type\":\"WebSite\",\"@id\":\"https:\/\/gruetli.com\/#website\",\"url\":\"https:\/\/gruetli.com\/\",\"name\":\"Gr\u00fctli Urnes\",\"description\":\"Urnes fun\u00e9raires \u00e9coresponsables en carton biod\u00e9gradable imprim\u00e9es avec des encres naturelles pour un hommage respectueux.\",\"publisher\":{\"@id\":\"https:\/\/gruetli.com\/#organization\"},\"alternateName\":\"Gr\u00fctli Urnes\",\"potentialAction\":[{\"@type\":\"SearchAction\",\"target\":{\"@type\":\"EntryPoint\",\"urlTemplate\":\"https:\/\/gruetli.com\/?s={search_term_string}\"},\"query-input\":{\"@type\":\"PropertyValueSpecification\",\"valueRequired\":true,\"valueName\":\"search_term_string\"}}],\"inLanguage\":\"de\"},{\"@type\":\"Organization\",\"@id\":\"https:\/\/gruetli.com\/#organization\",\"name\":\"Gr\u00fctli Urnes\",\"url\":\"https:\/\/gruetli.com\/\",\"logo\":{\"@type\":\"ImageObject\",\"inLanguage\":\"de\",\"@id\":\"https:\/\/gruetli.com\/#\/schema\/logo\/image\/\",\"url\":\"https:\/\/gruetli.com\/wp-content\/uploads\/2024\/06\/gruetli_logo_email.png\",\"contentUrl\":\"https:\/\/gruetli.com\/wp-content\/uploads\/2024\/06\/gruetli_logo_email.png\",\"width\":300,\"height\":106,\"caption\":\"Gr\u00fctli Urnes\"},\"image\":{\"@id\":\"https:\/\/gruetli.com\/#\/schema\/logo\/image\/\"}}]}<\/script>\n<!-- \/ Yoast SEO plugin. -->","yoast_head_json":{"title":"Datenschutzerkl\u00e4rung &#8211; Gr\u00fctli Urnes","description":"Lesen Sie unsere Datenschutzrichtlinie, um zu verstehen, wie wir Ihre Informationen sammeln und verwenden.","robots":{"index":"index","follow":"follow","max-snippet":"max-snippet:-1","max-image-preview":"max-image-preview:large","max-video-preview":"max-video-preview:-1"},"canonical":"https:\/\/gruetli.com\/de\/datenschutzrichtlinie\/","og_locale":"de_DE","og_type":"article","og_title":"Datenschutzerkl\u00e4rung &#8211; Gr\u00fctli Urnes","og_description":"Lesen Sie unsere Datenschutzrichtlinie, um zu verstehen, wie wir Ihre Informationen sammeln und verwenden.","og_url":"https:\/\/gruetli.com\/de\/datenschutzrichtlinie\/","og_site_name":"Gr\u00fctli Urnes","article_modified_time":"2024-06-24T09:04:32+00:00","og_image":[{"width":1200,"height":930,"url":"https:\/\/gruetli.com\/wp-content\/uploads\/2024\/05\/urnes.webp","type":"image\/webp"}],"twitter_card":"summary_large_image","twitter_misc":{"Gesch\u00e4tzte Lesezeit":"6\u00a0Minuten"},"schema":{"@context":"https:\/\/schema.org","@graph":[{"@type":"WebPage","@id":"https:\/\/gruetli.com\/de\/datenschutzrichtlinie\/","url":"https:\/\/gruetli.com\/de\/datenschutzrichtlinie\/","name":"Datenschutzerkl\u00e4rung &#8211; Gr\u00fctli Urnes","isPartOf":{"@id":"https:\/\/gruetli.com\/#website"},"datePublished":"2024-04-26T05:46:53+00:00","dateModified":"2024-06-24T09:04:32+00:00","description":"Lesen Sie unsere Datenschutzrichtlinie, um zu verstehen, wie wir Ihre Informationen sammeln und verwenden.","breadcrumb":{"@id":"https:\/\/gruetli.com\/de\/datenschutzrichtlinie\/#breadcrumb"},"inLanguage":"de","potentialAction":[{"@type":"ReadAction","target":["https:\/\/gruetli.com\/de\/datenschutzrichtlinie\/"]}]},{"@type":"BreadcrumbList","@id":"https:\/\/gruetli.com\/de\/datenschutzrichtlinie\/#breadcrumb","itemListElement":[{"@type":"ListItem","position":1,"name":"Accueil","item":"https:\/\/gruetli.com\/de\/urnen\/"},{"@type":"ListItem","position":2,"name":"Datenschutzerkl\u00e4rung"}]},{"@type":"WebSite","@id":"https:\/\/gruetli.com\/#website","url":"https:\/\/gruetli.com\/","name":"Gr\u00fctli Urnes","description":"Urnes fun\u00e9raires \u00e9coresponsables en carton biod\u00e9gradable imprim\u00e9es avec des encres naturelles pour un hommage respectueux.","publisher":{"@id":"https:\/\/gruetli.com\/#organization"},"alternateName":"Gr\u00fctli Urnes","potentialAction":[{"@type":"SearchAction","target":{"@type":"EntryPoint","urlTemplate":"https:\/\/gruetli.com\/?s={search_term_string}"},"query-input":{"@type":"PropertyValueSpecification","valueRequired":true,"valueName":"search_term_string"}}],"inLanguage":"de"},{"@type":"Organization","@id":"https:\/\/gruetli.com\/#organization","name":"Gr\u00fctli Urnes","url":"https:\/\/gruetli.com\/","logo":{"@type":"ImageObject","inLanguage":"de","@id":"https:\/\/gruetli.com\/#\/schema\/logo\/image\/","url":"https:\/\/gruetli.com\/wp-content\/uploads\/2024\/06\/gruetli_logo_email.png","contentUrl":"https:\/\/gruetli.com\/wp-content\/uploads\/2024\/06\/gruetli_logo_email.png","width":300,"height":106,"caption":"Gr\u00fctli Urnes"},"image":{"@id":"https:\/\/gruetli.com\/#\/schema\/logo\/image\/"}}]}},"_links":{"self":[{"href":"https:\/\/gruetli.com\/de\/wp-json\/wp\/v2\/pages\/398","targetHints":{"allow":["GET"]}}],"collection":[{"href":"https:\/\/gruetli.com\/de\/wp-json\/wp\/v2\/pages"}],"about":[{"href":"https:\/\/gruetli.com\/de\/wp-json\/wp\/v2\/types\/page"}],"author":[{"embeddable":true,"href":"https:\/\/gruetli.com\/de\/wp-json\/wp\/v2\/users\/1"}],"replies":[{"embeddable":true,"href":"https:\/\/gruetli.com\/de\/wp-json\/wp\/v2\/comments?post=398"}],"version-history":[{"count":12,"href":"https:\/\/gruetli.com\/de\/wp-json\/wp\/v2\/pages\/398\/revisions"}],"predecessor-version":[{"id":1150,"href":"https:\/\/gruetli.com\/de\/wp-json\/wp\/v2\/pages\/398\/revisions\/1150"}],"wp:attachment":[{"href":"https:\/\/gruetli.com\/de\/wp-json\/wp\/v2\/media?parent=398"}],"curies":[{"name":"wp","href":"https:\/\/api.w.org\/{rel}","templated":true}]}}