{"id":366,"date":"2025-08-11T08:47:48","date_gmt":"2025-08-11T06:47:48","guid":{"rendered":"https:\/\/gruetli.com\/produit\/jade\/"},"modified":"2025-08-14T13:35:23","modified_gmt":"2025-08-14T11:35:23","slug":"jade","status":"publish","type":"product","link":"https:\/\/gruetli.com\/de\/produkt\/jade\/","title":{"rendered":"Perle 2.5 L"},"content":{"rendered":"<p>Zylindrische Urne aus recyceltem Karton, Ornament aus Gras-FSC-Papier mit bedrucktem Motiv, Boden und Verschluss in Kartonbraun, tropfwasserfest.<\/p>\n<p>Aussenabmessung: \u00d8 13 x 27cm<\/p>\n<p>&lt; 60kg K\u00f6rpergewicht<\/p>\n","protected":false},"excerpt":{"rendered":"<p>Zylindrische Urne aus recyceltem Karton, Ornament aus Gras-FSC-Papier mit bedrucktem Motiv, Boden und Verschluss in Kartonbraun, tropfwasserfest. Aussenabmessung: \u00d8 13 x 27cm &lt; 60kg K\u00f6rpergewicht<\/p>\n","protected":false},"featured_media":276,"comment_status":"open","ping_status":"closed","template":"","meta":{"_monsterinsights_skip_tracking":false,"_monsterinsights_sitenote_active":false,"_monsterinsights_sitenote_note":"","_monsterinsights_sitenote_category":0},"product_cat":[36],"product_tag":[],"class_list":{"0":"post-366","1":"product","2":"type-product","3":"status-publish","4":"has-post-thumbnail","6":"product_cat-2-5l-de","8":"first","9":"instock","10":"shipping-taxable","11":"purchasable","12":"product-type-simple"},"yoast_head":"<!-- This site is optimized with the Yoast SEO plugin v25.7 - https:\/\/yoast.com\/wordpress\/plugins\/seo\/ -->\n<title>Perle 2.5 L &#8211; Gr\u00fctli Urnes<\/title>\n<meta name=\"robots\" content=\"index, follow, max-snippet:-1, max-image-preview:large, max-video-preview:-1\" \/>\n<link rel=\"canonical\" href=\"https:\/\/gruetli.com\/de\/produkt\/jade\/\" \/>\n<meta property=\"og:locale\" content=\"de_DE\" \/>\n<meta property=\"og:type\" content=\"article\" \/>\n<meta property=\"og:title\" content=\"Perle 2.5 L &#8211; Gr\u00fctli Urnes\" \/>\n<meta property=\"og:description\" content=\"Zylindrische Urne aus recyceltem Karton, Ornament aus Gras-FSC-Papier mit bedrucktem Motiv, Boden und Verschluss in Kartonbraun, tropfwasserfest. Aussenabmessung: \u00d8 13 x 27cm &lt; 60kg K\u00f6rpergewicht\" \/>\n<meta property=\"og:url\" content=\"https:\/\/gruetli.com\/de\/produkt\/jade\/\" \/>\n<meta property=\"og:site_name\" content=\"Gr\u00fctli Urnes\" \/>\n<meta property=\"article:modified_time\" content=\"2025-08-14T11:35:23+00:00\" \/>\n<meta property=\"og:image\" content=\"https:\/\/gruetli.com\/wp-content\/uploads\/2024\/05\/perle_2.5l.jpg\" \/>\n\t<meta property=\"og:image:width\" content=\"896\" \/>\n\t<meta property=\"og:image:height\" content=\"1199\" \/>\n\t<meta property=\"og:image:type\" content=\"image\/webp\" \/>\n<meta name=\"twitter:card\" content=\"summary_large_image\" \/>\n<script type=\"application\/ld+json\" class=\"yoast-schema-graph\">{\"@context\":\"https:\/\/schema.org\",\"@graph\":[{\"@type\":\"WebPage\",\"@id\":\"https:\/\/gruetli.com\/de\/produkt\/jade\/\",\"url\":\"https:\/\/gruetli.com\/de\/produkt\/jade\/\",\"name\":\"Perle 2.5 L &#8211; Gr\u00fctli Urnes\",\"isPartOf\":{\"@id\":\"https:\/\/gruetli.com\/#website\"},\"primaryImageOfPage\":{\"@id\":\"https:\/\/gruetli.com\/de\/produkt\/jade\/#primaryimage\"},\"image\":{\"@id\":\"https:\/\/gruetli.com\/de\/produkt\/jade\/#primaryimage\"},\"thumbnailUrl\":\"https:\/\/gruetli.com\/wp-content\/uploads\/2024\/05\/perle_2.5l.jpg\",\"datePublished\":\"2025-08-11T06:47:48+00:00\",\"dateModified\":\"2025-08-14T11:35:23+00:00\",\"breadcrumb\":{\"@id\":\"https:\/\/gruetli.com\/de\/produkt\/jade\/#breadcrumb\"},\"inLanguage\":\"de\",\"potentialAction\":[{\"@type\":\"ReadAction\",\"target\":[\"https:\/\/gruetli.com\/de\/produkt\/jade\/\"]}]},{\"@type\":\"ImageObject\",\"inLanguage\":\"de\",\"@id\":\"https:\/\/gruetli.com\/de\/produkt\/jade\/#primaryimage\",\"url\":\"https:\/\/gruetli.com\/wp-content\/uploads\/2024\/05\/perle_2.5l.jpg\",\"contentUrl\":\"https:\/\/gruetli.com\/wp-content\/uploads\/2024\/05\/perle_2.5l.jpg\",\"width\":896,\"height\":1199,\"caption\":\"Bestattungsurne, Graburne, Urne aus umweltfreundlichem Karton, biologisch abbaubar, kompostierbar, verrottbar, nachhaltig, recycelbar, nat\u00fcrlich, Baumbestattung, Tree of Life, Schweizer Produkt, FSC-Papier, kostenlose Lieferung\"},{\"@type\":\"BreadcrumbList\",\"@id\":\"https:\/\/gruetli.com\/de\/produkt\/jade\/#breadcrumb\",\"itemListElement\":[{\"@type\":\"ListItem\",\"position\":1,\"name\":\"Accueil\",\"item\":\"https:\/\/gruetli.com\/de\/urnen\/\"},{\"@type\":\"ListItem\",\"position\":2,\"name\":\"Shop\",\"item\":\"https:\/\/gruetli.com\/de\/shop\/\"},{\"@type\":\"ListItem\",\"position\":3,\"name\":\"Perle 2.5 L\"}]},{\"@type\":\"WebSite\",\"@id\":\"https:\/\/gruetli.com\/#website\",\"url\":\"https:\/\/gruetli.com\/\",\"name\":\"Gr\u00fctli Urnes\",\"description\":\"Urnes fun\u00e9raires \u00e9coresponsables en carton biod\u00e9gradable imprim\u00e9es avec des encres naturelles pour un hommage respectueux.\",\"publisher\":{\"@id\":\"https:\/\/gruetli.com\/#organization\"},\"alternateName\":\"Gr\u00fctli Urnes\",\"potentialAction\":[{\"@type\":\"SearchAction\",\"target\":{\"@type\":\"EntryPoint\",\"urlTemplate\":\"https:\/\/gruetli.com\/?s={search_term_string}\"},\"query-input\":{\"@type\":\"PropertyValueSpecification\",\"valueRequired\":true,\"valueName\":\"search_term_string\"}}],\"inLanguage\":\"de\"},{\"@type\":\"Organization\",\"@id\":\"https:\/\/gruetli.com\/#organization\",\"name\":\"Gr\u00fctli Urnes\",\"url\":\"https:\/\/gruetli.com\/\",\"logo\":{\"@type\":\"ImageObject\",\"inLanguage\":\"de\",\"@id\":\"https:\/\/gruetli.com\/#\/schema\/logo\/image\/\",\"url\":\"https:\/\/gruetli.com\/wp-content\/uploads\/2024\/06\/gruetli_logo_email.png\",\"contentUrl\":\"https:\/\/gruetli.com\/wp-content\/uploads\/2024\/06\/gruetli_logo_email.png\",\"width\":300,\"height\":106,\"caption\":\"Gr\u00fctli Urnes\"},\"image\":{\"@id\":\"https:\/\/gruetli.com\/#\/schema\/logo\/image\/\"}}]}<\/script>\n<!-- \/ Yoast SEO plugin. -->","yoast_head_json":{"title":"Perle 2.5 L &#8211; Gr\u00fctli Urnes","robots":{"index":"index","follow":"follow","max-snippet":"max-snippet:-1","max-image-preview":"max-image-preview:large","max-video-preview":"max-video-preview:-1"},"canonical":"https:\/\/gruetli.com\/de\/produkt\/jade\/","og_locale":"de_DE","og_type":"article","og_title":"Perle 2.5 L &#8211; Gr\u00fctli Urnes","og_description":"Zylindrische Urne aus recyceltem Karton, Ornament aus Gras-FSC-Papier mit bedrucktem Motiv, Boden und Verschluss in Kartonbraun, tropfwasserfest. Aussenabmessung: \u00d8 13 x 27cm &lt; 60kg K\u00f6rpergewicht","og_url":"https:\/\/gruetli.com\/de\/produkt\/jade\/","og_site_name":"Gr\u00fctli Urnes","article_modified_time":"2025-08-14T11:35:23+00:00","og_image":[{"width":896,"height":1199,"url":"https:\/\/gruetli.com\/wp-content\/uploads\/2024\/05\/perle_2.5l.jpg","type":"image\/webp"}],"twitter_card":"summary_large_image","schema":{"@context":"https:\/\/schema.org","@graph":[{"@type":"WebPage","@id":"https:\/\/gruetli.com\/de\/produkt\/jade\/","url":"https:\/\/gruetli.com\/de\/produkt\/jade\/","name":"Perle 2.5 L &#8211; Gr\u00fctli Urnes","isPartOf":{"@id":"https:\/\/gruetli.com\/#website"},"primaryImageOfPage":{"@id":"https:\/\/gruetli.com\/de\/produkt\/jade\/#primaryimage"},"image":{"@id":"https:\/\/gruetli.com\/de\/produkt\/jade\/#primaryimage"},"thumbnailUrl":"https:\/\/gruetli.com\/wp-content\/uploads\/2024\/05\/perle_2.5l.jpg","datePublished":"2025-08-11T06:47:48+00:00","dateModified":"2025-08-14T11:35:23+00:00","breadcrumb":{"@id":"https:\/\/gruetli.com\/de\/produkt\/jade\/#breadcrumb"},"inLanguage":"de","potentialAction":[{"@type":"ReadAction","target":["https:\/\/gruetli.com\/de\/produkt\/jade\/"]}]},{"@type":"ImageObject","inLanguage":"de","@id":"https:\/\/gruetli.com\/de\/produkt\/jade\/#primaryimage","url":"https:\/\/gruetli.com\/wp-content\/uploads\/2024\/05\/perle_2.5l.jpg","contentUrl":"https:\/\/gruetli.com\/wp-content\/uploads\/2024\/05\/perle_2.5l.jpg","width":896,"height":1199,"caption":"Bestattungsurne, Graburne, Urne aus umweltfreundlichem Karton, biologisch abbaubar, kompostierbar, verrottbar, nachhaltig, recycelbar, nat\u00fcrlich, Baumbestattung, Tree of Life, Schweizer Produkt, FSC-Papier, kostenlose Lieferung"},{"@type":"BreadcrumbList","@id":"https:\/\/gruetli.com\/de\/produkt\/jade\/#breadcrumb","itemListElement":[{"@type":"ListItem","position":1,"name":"Accueil","item":"https:\/\/gruetli.com\/de\/urnen\/"},{"@type":"ListItem","position":2,"name":"Shop","item":"https:\/\/gruetli.com\/de\/shop\/"},{"@type":"ListItem","position":3,"name":"Perle 2.5 L"}]},{"@type":"WebSite","@id":"https:\/\/gruetli.com\/#website","url":"https:\/\/gruetli.com\/","name":"Gr\u00fctli Urnes","description":"Urnes fun\u00e9raires \u00e9coresponsables en carton biod\u00e9gradable imprim\u00e9es avec des encres naturelles pour un hommage respectueux.","publisher":{"@id":"https:\/\/gruetli.com\/#organization"},"alternateName":"Gr\u00fctli Urnes","potentialAction":[{"@type":"SearchAction","target":{"@type":"EntryPoint","urlTemplate":"https:\/\/gruetli.com\/?s={search_term_string}"},"query-input":{"@type":"PropertyValueSpecification","valueRequired":true,"valueName":"search_term_string"}}],"inLanguage":"de"},{"@type":"Organization","@id":"https:\/\/gruetli.com\/#organization","name":"Gr\u00fctli Urnes","url":"https:\/\/gruetli.com\/","logo":{"@type":"ImageObject","inLanguage":"de","@id":"https:\/\/gruetli.com\/#\/schema\/logo\/image\/","url":"https:\/\/gruetli.com\/wp-content\/uploads\/2024\/06\/gruetli_logo_email.png","contentUrl":"https:\/\/gruetli.com\/wp-content\/uploads\/2024\/06\/gruetli_logo_email.png","width":300,"height":106,"caption":"Gr\u00fctli Urnes"},"image":{"@id":"https:\/\/gruetli.com\/#\/schema\/logo\/image\/"}}]}},"_links":{"self":[{"href":"https:\/\/gruetli.com\/de\/wp-json\/wp\/v2\/product\/366","targetHints":{"allow":["GET"]}}],"collection":[{"href":"https:\/\/gruetli.com\/de\/wp-json\/wp\/v2\/product"}],"about":[{"href":"https:\/\/gruetli.com\/de\/wp-json\/wp\/v2\/types\/product"}],"replies":[{"embeddable":true,"href":"https:\/\/gruetli.com\/de\/wp-json\/wp\/v2\/comments?post=366"}],"wp:featuredmedia":[{"embeddable":true,"href":"https:\/\/gruetli.com\/de\/wp-json\/wp\/v2\/media\/276"}],"wp:attachment":[{"href":"https:\/\/gruetli.com\/de\/wp-json\/wp\/v2\/media?parent=366"}],"wp:term":[{"taxonomy":"product_cat","embeddable":true,"href":"https:\/\/gruetli.com\/de\/wp-json\/wp\/v2\/product_cat?post=366"},{"taxonomy":"product_tag","embeddable":true,"href":"https:\/\/gruetli.com\/de\/wp-json\/wp\/v2\/product_tag?post=366"}],"curies":[{"name":"wp","href":"https:\/\/api.w.org\/{rel}","templated":true}]}}